{"id":5,"date":"2011-05-15T19:40:35","date_gmt":"2011-05-15T18:40:35","guid":{"rendered":"http:\/\/ps-landeron.ch\/WordPress3\/?page_id=5"},"modified":"2025-10-06T20:17:08","modified_gmt":"2025-10-06T19:17:08","slug":"organisation","status":"publish","type":"page","link":"http:\/\/ps-landeron.ch\/WordPress3\/?page_id=5","title":{"rendered":"Section"},"content":{"rendered":"<h2>Comit\u00e9<\/h2>\n<ul>\n<li><strong>Co-Pr\u00e9sidents<\/strong>: Mathieu Hopmann &amp; Patric Randazzo<\/li>\n<li><strong>Vice-pr\u00e9sidente<\/strong>: Gilliane B\u00fcrli<\/li>\n<li><strong>Caissier<\/strong>: Jacques Devenoges<\/li>\n<li><strong>Secr\u00e9taire<\/strong>:\u00a0Gilliane B\u00fcrli<\/li>\n<li><strong>Membres<\/strong>: Pierre-Alain Bourquin, Fr\u00e9dy Winz<\/li>\n<\/ul>\n<p>Pour nous contacter, utiliser le formulaire sur le site web.<\/p>\n<h2>Fonctions CG<\/h2>\n<ul>\n<li><strong>Pr\u00e9sident de groupe du CG<\/strong>: Thomas Froelicher<\/li>\n<li><strong>Vice-pr\u00e9sident de groupe du CG<\/strong>: Vacant<\/li>\n<\/ul>\n<h2>Statuts<\/h2>\n<p>Le PSL est le parti qui vit des cotisations de ses membres. Voici les documents principaux de notre section:<\/p>\n<ul>\n<li><a href=\"http:\/\/ps-landeron.ch\/WordPress3\/wp-content\/uploads\/20230128_Statuts_PSL_signe.pdf\">20230128 &#8211; Statuts PS sign\u00e9<\/a><\/li>\n<li><a href=\"http:\/\/ps-landeron.ch\/WordPress3\/wp-content\/uploads\/20141027-R\u00e8glement-Sympathisants-2014-PSL-sign\u00e9.pdf\">20141027 &#8211; R\u00e8glement Sympathisants 2014 PSL sign\u00e9<\/a><\/li>\n<\/ul>\n\n\n<p><\/p>\n","protected":false},"excerpt":{"rendered":"<p>Comit\u00e9 Co-Pr\u00e9sidents: Mathieu Hopmann &amp; Patric Randazzo Vice-pr\u00e9sidente: Gilliane B\u00fcrli Caissier: Jacques Devenoges Secr\u00e9taire:\u00a0Gilliane B\u00fcrli Membres: Pierre-Alain Bourquin, Fr\u00e9dy Winz Pour nous contacter, utiliser le formulaire sur le site web. Fonctions CG Pr\u00e9sident de groupe du CG: Thomas Froelicher Vice-pr\u00e9sident &hellip; <a href=\"http:\/\/ps-landeron.ch\/WordPress3\/?page_id=5\">Continuer la lecture <span class=\"meta-nav\">&rarr;<\/span><\/a><\/p>\n","protected":false},"author":1,"featured_media":0,"parent":0,"menu_order":0,"comment_status":"closed","ping_status":"closed","template":"","meta":{"footnotes":""},"class_list":["post-5","page","type-page","status-publish","hentry"],"_links":{"self":[{"href":"http:\/\/ps-landeron.ch\/WordPress3\/index.php?rest_route=\/wp\/v2\/pages\/5","targetHints":{"allow":["GET"]}}],"collection":[{"href":"http:\/\/ps-landeron.ch\/WordPress3\/index.php?rest_route=\/wp\/v2\/pages"}],"about":[{"href":"http:\/\/ps-landeron.ch\/WordPress3\/index.php?rest_route=\/wp\/v2\/types\/page"}],"author":[{"embeddable":true,"href":"http:\/\/ps-landeron.ch\/WordPress3\/index.php?rest_route=\/wp\/v2\/users\/1"}],"replies":[{"embeddable":true,"href":"http:\/\/ps-landeron.ch\/WordPress3\/index.php?rest_route=%2Fwp%2Fv2%2Fcomments&post=5"}],"version-history":[{"count":33,"href":"http:\/\/ps-landeron.ch\/WordPress3\/index.php?rest_route=\/wp\/v2\/pages\/5\/revisions"}],"predecessor-version":[{"id":2143,"href":"http:\/\/ps-landeron.ch\/WordPress3\/index.php?rest_route=\/wp\/v2\/pages\/5\/revisions\/2143"}],"wp:attachment":[{"href":"http:\/\/ps-landeron.ch\/WordPress3\/index.php?rest_route=%2Fwp%2Fv2%2Fmedia&parent=5"}],"curies":[{"name":"wp","href":"https:\/\/api.w.org\/{rel}","templated":true}]}}